{"id":121,"date":"2022-12-22T09:59:56","date_gmt":"2022-12-22T09:59:56","guid":{"rendered":"http:\/\/cooperacio.manresa.cat\/mesenlladelesaparencescataleg\/?page_id=121"},"modified":"2023-01-19T11:39:28","modified_gmt":"2023-01-19T11:39:28","slug":"missio-entitats-socials","status":"publish","type":"page","link":"https:\/\/cooperacio.manresa.cat\/mesenlladelesaparencescataleg\/missio-entitats-socials\/","title":{"rendered":"Missi\u00f3 entitats socials"},"content":{"rendered":"\t\t<div data-elementor-type=\"wp-page\" data-elementor-id=\"121\" class=\"elementor elementor-121\">\n\t\t\t\t\t\t<section class=\"elementor-section elementor-top-section elementor-element elementor-element-43ae138e elementor-section-boxed elementor-section-height-default elementor-section-height-default\" data-id=\"43ae138e\" data-element_type=\"section\" data-settings=\"{&quot;background_background&quot;:&quot;classic&quot;}\">\n\t\t\t\t\t\t<div class=\"elementor-container elementor-column-gap-default\">\n\t\t\t\t\t<div class=\"elementor-column elementor-col-100 elementor-top-column elementor-element elementor-element-1ea2a704\" data-id=\"1ea2a704\" data-element_type=\"column\">\n\t\t\t<div class=\"elementor-widget-wrap elementor-element-populated\">\n\t\t\t\t\t\t<div class=\"elementor-element elementor-element-1c2f7b20 elementor-widget elementor-widget-spacer\" data-id=\"1c2f7b20\" data-element_type=\"widget\" data-widget_type=\"spacer.default\">\n\t\t\t\t<div class=\"elementor-widget-container\">\n\t\t\t\t\t\t\t<div class=\"elementor-spacer\">\n\t\t\t<div class=\"elementor-spacer-inner\"><\/div>\n\t\t<\/div>\n\t\t\t\t\t\t<\/div>\n\t\t\t\t<\/div>\n\t\t\t\t<div class=\"elementor-element elementor-element-5e162592 elementor-invisible elementor-widget elementor-widget-heading\" data-id=\"5e162592\" data-element_type=\"widget\" data-settings=\"{&quot;_animation&quot;:&quot;fadeInLeft&quot;}\" data-widget_type=\"heading.default\">\n\t\t\t\t<div class=\"elementor-widget-container\">\n\t\t\t\t\t<h2 class=\"elementor-heading-title elementor-size-default\">MISSI\u00d3 ENTITATS SOCIALS<\/h2>\t\t\t\t<\/div>\n\t\t\t\t<\/div>\n\t\t\t\t<div class=\"elementor-element elementor-element-4b8edd72 elementor-widget elementor-widget-spacer\" data-id=\"4b8edd72\" data-element_type=\"widget\" data-widget_type=\"spacer.default\">\n\t\t\t\t<div class=\"elementor-widget-container\">\n\t\t\t\t\t\t\t<div class=\"elementor-spacer\">\n\t\t\t<div class=\"elementor-spacer-inner\"><\/div>\n\t\t<\/div>\n\t\t\t\t\t\t<\/div>\n\t\t\t\t<\/div>\n\t\t\t\t\t<\/div>\n\t\t<\/div>\n\t\t\t\t\t<\/div>\n\t\t<\/section>\n\t\t\t\t<section class=\"elementor-section elementor-top-section elementor-element elementor-element-23ee5c72 blau elementor-section-boxed elementor-section-height-default elementor-section-height-default\" data-id=\"23ee5c72\" data-element_type=\"section\">\n\t\t\t\t\t\t<div class=\"elementor-container elementor-column-gap-default\">\n\t\t\t\t\t<div class=\"elementor-column elementor-col-33 elementor-top-column elementor-element elementor-element-10dcc6d8\" data-id=\"10dcc6d8\" data-element_type=\"column\">\n\t\t\t<div class=\"elementor-widget-wrap elementor-element-populated\">\n\t\t\t\t\t\t<div class=\"elementor-element elementor-element-5400e21c elementor-widget elementor-widget-image\" data-id=\"5400e21c\" data-element_type=\"widget\" data-widget_type=\"image.default\">\n\t\t\t\t<div class=\"elementor-widget-container\">\n\t\t\t\t\t\t\t\t\t\t\t\t\t\t\t<img fetchpriority=\"high\" decoding=\"async\" width=\"600\" height=\"214\" src=\"https:\/\/cooperacio.manresa.cat\/mesenlladelesaparencescataleg\/wp-content\/uploads\/2022\/12\/logo-ampans-14.png\" class=\"attachment-large size-large wp-image-191\" alt=\"\" srcset=\"https:\/\/cooperacio.manresa.cat\/mesenlladelesaparencescataleg\/wp-content\/uploads\/2022\/12\/logo-ampans-14.png 600w, https:\/\/cooperacio.manresa.cat\/mesenlladelesaparencescataleg\/wp-content\/uploads\/2022\/12\/logo-ampans-14-300x107.png 300w\" sizes=\"(max-width: 600px) 100vw, 600px\" \/>\t\t\t\t\t\t\t\t\t\t\t\t\t\t\t<\/div>\n\t\t\t\t<\/div>\n\t\t\t\t\t<\/div>\n\t\t<\/div>\n\t\t\t\t<div class=\"elementor-column elementor-col-66 elementor-top-column elementor-element elementor-element-20d2ccd0\" data-id=\"20d2ccd0\" data-element_type=\"column\">\n\t\t\t<div class=\"elementor-widget-wrap elementor-element-populated\">\n\t\t\t\t\t\t<div class=\"elementor-element elementor-element-584bb81f elementor-widget elementor-widget-heading\" data-id=\"584bb81f\" data-element_type=\"widget\" data-widget_type=\"heading.default\">\n\t\t\t\t<div class=\"elementor-widget-container\">\n\t\t\t\t\t<h2 class=\"elementor-heading-title elementor-size-default\">AMPANS<\/h2>\t\t\t\t<\/div>\n\t\t\t\t<\/div>\n\t\t\t\t<div class=\"elementor-element elementor-element-70a17b8d elementor-widget elementor-widget-text-editor\" data-id=\"70a17b8d\" data-element_type=\"widget\" data-widget_type=\"text-editor.default\">\n\t\t\t\t<div class=\"elementor-widget-container\">\n\t\t\t\t\t\t\t\t\t<p>Es dediquen a acompanyar i donar suport a les persones amb discapacitat intel\u00b7lectual o en situaci\u00f3 de vulnerabilitat en el desenvolupament del seu projecte de vida, garantint-ne els drets, i la sostenibilitat d&#8217;AMPANS, amb una clara voluntat de transformaci\u00f3 social.<\/p><p>Al llarg dels anys, l&#8217;entitat ha desplegat un model assistencial que t\u00e9 com a eix vertebrador l&#8217;atenci\u00f3 continuada i personalitzada. Mitjan\u00e7ant centres, serveis, programes i suports a mida abracem totes les etapes de la vida, amb la certesa que cada persona \u00e9s diferent i que les necessitats canvien a cada moment de la vida.<\/p><p>\u00a0<a href=\"https:\/\/ampans.cat\" target=\"_blank\" rel=\"noopener\">https:\/\/ampans.cat<\/a><\/p>\t\t\t\t\t\t\t\t<\/div>\n\t\t\t\t<\/div>\n\t\t\t\t\t<\/div>\n\t\t<\/div>\n\t\t\t\t\t<\/div>\n\t\t<\/section>\n\t\t\t\t<section class=\"elementor-section elementor-top-section elementor-element elementor-element-1d018eb3 blau elementor-section-boxed elementor-section-height-default elementor-section-height-default\" data-id=\"1d018eb3\" data-element_type=\"section\">\n\t\t\t\t\t\t<div class=\"elementor-container elementor-column-gap-default\">\n\t\t\t\t\t<div class=\"elementor-column elementor-col-33 elementor-top-column elementor-element elementor-element-30de5456\" data-id=\"30de5456\" data-element_type=\"column\">\n\t\t\t<div class=\"elementor-widget-wrap elementor-element-populated\">\n\t\t\t\t\t\t<div class=\"elementor-element elementor-element-70dfc952 elementor-widget elementor-widget-image\" data-id=\"70dfc952\" data-element_type=\"widget\" data-widget_type=\"image.default\">\n\t\t\t\t<div class=\"elementor-widget-container\">\n\t\t\t\t\t\t\t\t\t\t\t\t\t\t\t<img decoding=\"async\" width=\"353\" height=\"98\" src=\"https:\/\/cooperacio.manresa.cat\/mesenlladelesaparencescataleg\/wp-content\/uploads\/2022\/12\/caritaslogo-3.png\" class=\"attachment-large size-large wp-image-195\" alt=\"\" srcset=\"https:\/\/cooperacio.manresa.cat\/mesenlladelesaparencescataleg\/wp-content\/uploads\/2022\/12\/caritaslogo-3.png 353w, https:\/\/cooperacio.manresa.cat\/mesenlladelesaparencescataleg\/wp-content\/uploads\/2022\/12\/caritaslogo-3-300x83.png 300w\" sizes=\"(max-width: 353px) 100vw, 353px\" \/>\t\t\t\t\t\t\t\t\t\t\t\t\t\t\t<\/div>\n\t\t\t\t<\/div>\n\t\t\t\t\t<\/div>\n\t\t<\/div>\n\t\t\t\t<div class=\"elementor-column elementor-col-66 elementor-top-column elementor-element elementor-element-721f7dae\" data-id=\"721f7dae\" data-element_type=\"column\">\n\t\t\t<div class=\"elementor-widget-wrap elementor-element-populated\">\n\t\t\t\t\t\t<div class=\"elementor-element elementor-element-13d99d46 elementor-widget elementor-widget-heading\" data-id=\"13d99d46\" data-element_type=\"widget\" data-widget_type=\"heading.default\">\n\t\t\t\t<div class=\"elementor-widget-container\">\n\t\t\t\t\t<h2 class=\"elementor-heading-title elementor-size-default\">CARITAS<\/h2>\t\t\t\t<\/div>\n\t\t\t\t<\/div>\n\t\t\t\t<div class=\"elementor-element elementor-element-53202616 elementor-widget elementor-widget-text-editor\" data-id=\"53202616\" data-element_type=\"widget\" data-widget_type=\"text-editor.default\">\n\t\t\t\t<div class=\"elementor-widget-container\">\n\t\t\t\t\t\t\t\t\t<p>Es centren en l\u2019atenci\u00f3 i l\u2019acompanyament a les persones que es troben en situaci\u00f3 o risc de pobresa i exclusi\u00f3 social, especialment les m\u00e9s vulnerables, acompanyant-los en el seu proc\u00e9s de promoci\u00f3 i desenvolupament integral i en l\u2019exercici dels seus drets, analitzant i incidint en les causes de la pobresa i treballant per la just\u00edcia social.<br \/><br \/><a href=\"https:\/\/www.caritasbisbatvic.cat\/manresa\" target=\"_blank\" rel=\"noopener\">https:\/\/www.caritasbisbatvic.cat\/manresa<\/a><\/p>\t\t\t\t\t\t\t\t<\/div>\n\t\t\t\t<\/div>\n\t\t\t\t\t<\/div>\n\t\t<\/div>\n\t\t\t\t\t<\/div>\n\t\t<\/section>\n\t\t\t\t<section class=\"elementor-section elementor-top-section elementor-element elementor-element-5420d671 blau elementor-section-boxed elementor-section-height-default elementor-section-height-default\" data-id=\"5420d671\" data-element_type=\"section\">\n\t\t\t\t\t\t<div class=\"elementor-container elementor-column-gap-default\">\n\t\t\t\t\t<div class=\"elementor-column elementor-col-33 elementor-top-column elementor-element elementor-element-4e4654e4\" data-id=\"4e4654e4\" data-element_type=\"column\">\n\t\t\t<div class=\"elementor-widget-wrap elementor-element-populated\">\n\t\t\t\t\t\t<div class=\"elementor-element elementor-element-7d5f8d55 elementor-widget elementor-widget-image\" data-id=\"7d5f8d55\" data-element_type=\"widget\" data-widget_type=\"image.default\">\n\t\t\t\t<div class=\"elementor-widget-container\">\n\t\t\t\t\t\t\t\t\t\t\t\t\t\t\t<img decoding=\"async\" width=\"800\" height=\"188\" src=\"https:\/\/cooperacio.manresa.cat\/mesenlladelesaparencescataleg\/wp-content\/uploads\/2022\/12\/CR-ES-Horizontal-RGB-recortada-1024x241.png\" class=\"attachment-large size-large wp-image-203\" alt=\"\" srcset=\"https:\/\/cooperacio.manresa.cat\/mesenlladelesaparencescataleg\/wp-content\/uploads\/2022\/12\/CR-ES-Horizontal-RGB-recortada-1024x241.png 1024w, https:\/\/cooperacio.manresa.cat\/mesenlladelesaparencescataleg\/wp-content\/uploads\/2022\/12\/CR-ES-Horizontal-RGB-recortada-300x71.png 300w, https:\/\/cooperacio.manresa.cat\/mesenlladelesaparencescataleg\/wp-content\/uploads\/2022\/12\/CR-ES-Horizontal-RGB-recortada-768x181.png 768w, https:\/\/cooperacio.manresa.cat\/mesenlladelesaparencescataleg\/wp-content\/uploads\/2022\/12\/CR-ES-Horizontal-RGB-recortada-1536x362.png 1536w, https:\/\/cooperacio.manresa.cat\/mesenlladelesaparencescataleg\/wp-content\/uploads\/2022\/12\/CR-ES-Horizontal-RGB-recortada.png 1964w\" sizes=\"(max-width: 800px) 100vw, 800px\" \/>\t\t\t\t\t\t\t\t\t\t\t\t\t\t\t<\/div>\n\t\t\t\t<\/div>\n\t\t\t\t\t<\/div>\n\t\t<\/div>\n\t\t\t\t<div class=\"elementor-column elementor-col-66 elementor-top-column elementor-element elementor-element-24c3550b\" data-id=\"24c3550b\" data-element_type=\"column\">\n\t\t\t<div class=\"elementor-widget-wrap elementor-element-populated\">\n\t\t\t\t\t\t<div class=\"elementor-element elementor-element-5853a5c0 elementor-widget elementor-widget-heading\" data-id=\"5853a5c0\" data-element_type=\"widget\" data-widget_type=\"heading.default\">\n\t\t\t\t<div class=\"elementor-widget-container\">\n\t\t\t\t\t<h2 class=\"elementor-heading-title elementor-size-default\">CREU ROJA<\/h2>\t\t\t\t<\/div>\n\t\t\t\t<\/div>\n\t\t\t\t<div class=\"elementor-element elementor-element-3cdf90ce elementor-widget elementor-widget-text-editor\" data-id=\"3cdf90ce\" data-element_type=\"widget\" data-widget_type=\"text-editor.default\">\n\t\t\t\t<div class=\"elementor-widget-container\">\n\t\t\t\t\t\t\t\t\t<p>La seva missi\u00f3 \u00e9s estar cada cop m\u00e9s a prop de les persones vulnerables en els \u00e0mbits nacional i internacional, a trav\u00e9s d\u2019accions integrals, portades a terme essencialment per voluntariat i amb una important participaci\u00f3 social.<br \/><br \/><a href=\"https:\/\/www.cruzroja.es\" target=\"_blank\" rel=\"noopener\">https:\/\/www.cruzroja.es<\/a><\/p>\t\t\t\t\t\t\t\t<\/div>\n\t\t\t\t<\/div>\n\t\t\t\t\t<\/div>\n\t\t<\/div>\n\t\t\t\t\t<\/div>\n\t\t<\/section>\n\t\t\t\t<section class=\"elementor-section elementor-top-section elementor-element elementor-element-73213872 blau elementor-section-boxed elementor-section-height-default elementor-section-height-default\" data-id=\"73213872\" data-element_type=\"section\">\n\t\t\t\t\t\t<div class=\"elementor-container elementor-column-gap-default\">\n\t\t\t\t\t<div class=\"elementor-column elementor-col-33 elementor-top-column elementor-element elementor-element-29f58ea1\" data-id=\"29f58ea1\" data-element_type=\"column\">\n\t\t\t<div class=\"elementor-widget-wrap elementor-element-populated\">\n\t\t\t\t\t\t<div class=\"elementor-element elementor-element-3df9d5f2 elementor-widget elementor-widget-image\" data-id=\"3df9d5f2\" data-element_type=\"widget\" data-widget_type=\"image.default\">\n\t\t\t\t<div class=\"elementor-widget-container\">\n\t\t\t\t\t\t\t\t\t\t\t\t\t\t\t<img loading=\"lazy\" decoding=\"async\" width=\"238\" height=\"96\" src=\"https:\/\/cooperacio.manresa.cat\/mesenlladelesaparencescataleg\/wp-content\/uploads\/2022\/12\/manresainclusio.jpg\" class=\"attachment-large size-large wp-image-196\" alt=\"\" \/>\t\t\t\t\t\t\t\t\t\t\t\t\t\t\t<\/div>\n\t\t\t\t<\/div>\n\t\t\t\t\t<\/div>\n\t\t<\/div>\n\t\t\t\t<div class=\"elementor-column elementor-col-66 elementor-top-column elementor-element elementor-element-4704f9ed\" data-id=\"4704f9ed\" data-element_type=\"column\">\n\t\t\t<div class=\"elementor-widget-wrap elementor-element-populated\">\n\t\t\t\t\t\t<div class=\"elementor-element elementor-element-71e1eb08 elementor-widget elementor-widget-heading\" data-id=\"71e1eb08\" data-element_type=\"widget\" data-widget_type=\"heading.default\">\n\t\t\t\t<div class=\"elementor-widget-container\">\n\t\t\t\t\t<h2 class=\"elementor-heading-title elementor-size-default\">PROJECTE ENTRETOTHOM<\/h2>\t\t\t\t<\/div>\n\t\t\t\t<\/div>\n\t\t\t\t<div class=\"elementor-element elementor-element-797fccea elementor-widget elementor-widget-text-editor\" data-id=\"797fccea\" data-element_type=\"widget\" data-widget_type=\"text-editor.default\">\n\t\t\t\t<div class=\"elementor-widget-container\">\n\t\t\t\t\t\t\t\t\t<p>Entre Tothom \u00e9s un projecte de l\u2019Ajuntament de Manresa creat amb la voluntat de poder oferir espais de col\u00b7laboraci\u00f3 i participaci\u00f3 des d\u2019una visi\u00f3 i projecci\u00f3 comunit\u00e0ria.<\/p><p>El seu principal objectiu \u00e9s potenciar o incorporar el treball social comunitari, a trav\u00e9s de la coordinaci\u00f3 amb la Xarxa d\u2019Inclusi\u00f3 Social, com a eina per treballar la relaci\u00f3 amb l\u2019entorn, la xarxa social de l\u2019individu, aix\u00ed com la implicaci\u00f3 en la vida social i comunit\u00e0ria de la ciutat.<br \/><br \/><a href=\"http:\/\/www.manresainclusio.cat\" target=\"_blank\" rel=\"noopener\">http:\/\/www.manresainclusio.cat<br \/><\/a><\/p>\t\t\t\t\t\t\t\t<\/div>\n\t\t\t\t<\/div>\n\t\t\t\t\t<\/div>\n\t\t<\/div>\n\t\t\t\t\t<\/div>\n\t\t<\/section>\n\t\t\t\t<section class=\"elementor-section elementor-top-section elementor-element elementor-element-2df35a96 blau elementor-section-boxed elementor-section-height-default elementor-section-height-default\" data-id=\"2df35a96\" data-element_type=\"section\">\n\t\t\t\t\t\t<div class=\"elementor-container elementor-column-gap-default\">\n\t\t\t\t\t<div class=\"elementor-column elementor-col-33 elementor-top-column elementor-element elementor-element-2262848\" data-id=\"2262848\" data-element_type=\"column\">\n\t\t\t<div class=\"elementor-widget-wrap elementor-element-populated\">\n\t\t\t\t\t\t<div class=\"elementor-element elementor-element-13aaf018 elementor-widget elementor-widget-image\" data-id=\"13aaf018\" data-element_type=\"widget\" data-widget_type=\"image.default\">\n\t\t\t\t<div class=\"elementor-widget-container\">\n\t\t\t\t\t\t\t\t\t\t\t\t\t\t\t<img loading=\"lazy\" decoding=\"async\" width=\"271\" height=\"130\" src=\"https:\/\/cooperacio.manresa.cat\/mesenlladelesaparencescataleg\/wp-content\/uploads\/2022\/12\/logo-fundacio\u0301-convent-santa-clara-1.png\" class=\"attachment-large size-large wp-image-452\" alt=\"\" \/>\t\t\t\t\t\t\t\t\t\t\t\t\t\t\t<\/div>\n\t\t\t\t<\/div>\n\t\t\t\t\t<\/div>\n\t\t<\/div>\n\t\t\t\t<div class=\"elementor-column elementor-col-66 elementor-top-column elementor-element elementor-element-4db505ba\" data-id=\"4db505ba\" data-element_type=\"column\">\n\t\t\t<div class=\"elementor-widget-wrap elementor-element-populated\">\n\t\t\t\t\t\t<div class=\"elementor-element elementor-element-f50b392 elementor-widget elementor-widget-heading\" data-id=\"f50b392\" data-element_type=\"widget\" data-widget_type=\"heading.default\">\n\t\t\t\t<div class=\"elementor-widget-container\">\n\t\t\t\t\t<h2 class=\"elementor-heading-title elementor-size-default\">FUNDACI\u00d3 DEL CONVENT DE SANTA CLARA<\/h2>\t\t\t\t<\/div>\n\t\t\t\t<\/div>\n\t\t\t\t<div class=\"elementor-element elementor-element-71c115ab elementor-widget elementor-widget-text-editor\" data-id=\"71c115ab\" data-element_type=\"widget\" data-widget_type=\"text-editor.default\">\n\t\t\t\t<div class=\"elementor-widget-container\">\n\t\t\t\t\t\t\t\t\t<p>La Fundaci\u00f3 del Convent de Santa Clara ha nascut gr\u00e0cies a l\u2019impuls de la Plataforma Ciutadana de Solidaritat, creada al Convent de Santa Clara de Manresa a l\u2019abril del 2009.<\/p><p>La Fundaci\u00f3 del Convent de Santa Clara, ha esdevingut el paraigua jur\u00eddic, organitzatiu i hum\u00e0 necessari per agilitzar respostes integrals a curt i llarg termini per a persones que han estat excloses del sistema i que no poden viure amb dignitat.<\/p><p><a href=\"https:\/\/www.fundaciodelconventdesantaclara.org\/\" target=\"_blank\" rel=\"noopener\">https:\/\/www.fundaciodelconventdesantaclara.org\/<br \/><\/a><\/p>\t\t\t\t\t\t\t\t<\/div>\n\t\t\t\t<\/div>\n\t\t\t\t\t<\/div>\n\t\t<\/div>\n\t\t\t\t\t<\/div>\n\t\t<\/section>\n\t\t\t\t<section class=\"elementor-section elementor-top-section elementor-element elementor-element-5fa2ee3f blau elementor-section-boxed elementor-section-height-default elementor-section-height-default\" data-id=\"5fa2ee3f\" data-element_type=\"section\">\n\t\t\t\t\t\t<div class=\"elementor-container elementor-column-gap-default\">\n\t\t\t\t\t<div class=\"elementor-column elementor-col-33 elementor-top-column elementor-element elementor-element-21b5e7d6\" data-id=\"21b5e7d6\" data-element_type=\"column\">\n\t\t\t<div class=\"elementor-widget-wrap elementor-element-populated\">\n\t\t\t\t\t\t<div class=\"elementor-element elementor-element-356f2939 elementor-widget elementor-widget-image\" data-id=\"356f2939\" data-element_type=\"widget\" data-widget_type=\"image.default\">\n\t\t\t\t<div class=\"elementor-widget-container\">\n\t\t\t\t\t\t\t\t\t\t\t\t\t\t\t<img loading=\"lazy\" decoding=\"async\" width=\"300\" height=\"100\" src=\"https:\/\/cooperacio.manresa.cat\/mesenlladelesaparencescataleg\/wp-content\/uploads\/2022\/12\/logo-cata-web-negro.webp\" class=\"attachment-large size-large wp-image-207\" alt=\"\" \/>\t\t\t\t\t\t\t\t\t\t\t\t\t\t\t<\/div>\n\t\t\t\t<\/div>\n\t\t\t\t\t<\/div>\n\t\t<\/div>\n\t\t\t\t<div class=\"elementor-column elementor-col-66 elementor-top-column elementor-element elementor-element-12576363\" data-id=\"12576363\" data-element_type=\"column\">\n\t\t\t<div class=\"elementor-widget-wrap elementor-element-populated\">\n\t\t\t\t\t\t<div class=\"elementor-element elementor-element-3ed0216f elementor-widget elementor-widget-heading\" data-id=\"3ed0216f\" data-element_type=\"widget\" data-widget_type=\"heading.default\">\n\t\t\t\t<div class=\"elementor-widget-container\">\n\t\t\t\t\t<h2 class=\"elementor-heading-title elementor-size-default\">CFGS D\u2019INTEGRACI\u00d3 SOCIAL (INSTITUT GUILLEM CAT\u00c0) <\/h2>\t\t\t\t<\/div>\n\t\t\t\t<\/div>\n\t\t\t\t<div class=\"elementor-element elementor-element-dbae158 elementor-widget elementor-widget-text-editor\" data-id=\"dbae158\" data-element_type=\"widget\" data-widget_type=\"text-editor.default\">\n\t\t\t\t<div class=\"elementor-widget-container\">\n\t\t\t\t\t\t\t\t\t<p>Els estudis de CFGS d\u2019Integraci\u00f3 Social, capaciten als alumnes per programar, organitzar, implementar i avaluar les intervencions d\u2019integraci\u00f3 social aplicant estrat\u00e8gies i t\u00e8cniques espec\u00edfiques, promovent la igualtat d\u2019oportunitats, actuant en tot moment amb una actitud de respecte cap a les persones destinat\u00e0ries i garantint la creaci\u00f3 d\u2019entorns segurs tant per a les persones destinat\u00e0ries com per al professional.<br \/><br \/><a href=\"https:\/\/www.guillemcata.cat\/cfgs-dintegracio-social\" target=\"_blank\" rel=\"noopener\">https:\/\/www.guillemcata.cat\/cfgs-dintegracio-social<\/a><\/p><p>\u00a0<\/p>\t\t\t\t\t\t\t\t<\/div>\n\t\t\t\t<\/div>\n\t\t\t\t\t<\/div>\n\t\t<\/div>\n\t\t\t\t\t<\/div>\n\t\t<\/section>\n\t\t\t\t<section class=\"elementor-section elementor-top-section elementor-element elementor-element-628469c4 elementor-section-boxed elementor-section-height-default elementor-section-height-default\" data-id=\"628469c4\" data-element_type=\"section\" data-settings=\"{&quot;background_background&quot;:&quot;classic&quot;}\">\n\t\t\t\t\t\t<div class=\"elementor-container elementor-column-gap-default\">\n\t\t\t\t\t<div class=\"elementor-column elementor-col-100 elementor-top-column elementor-element elementor-element-2a0c044\" data-id=\"2a0c044\" data-element_type=\"column\">\n\t\t\t<div class=\"elementor-widget-wrap elementor-element-populated\">\n\t\t\t\t\t\t<section class=\"elementor-section elementor-inner-section elementor-element elementor-element-565752cb elementor-section-boxed elementor-section-height-default elementor-section-height-default\" data-id=\"565752cb\" data-element_type=\"section\">\n\t\t\t\t\t\t<div class=\"elementor-container elementor-column-gap-default\">\n\t\t\t\t\t<div class=\"elementor-column elementor-col-50 elementor-inner-column elementor-element elementor-element-3372cb5\" data-id=\"3372cb5\" data-element_type=\"column\">\n\t\t\t<div class=\"elementor-widget-wrap elementor-element-populated\">\n\t\t\t\t\t\t<div class=\"elementor-element elementor-element-31a93dca elementor-widget elementor-widget-image\" data-id=\"31a93dca\" data-element_type=\"widget\" data-widget_type=\"image.default\">\n\t\t\t\t<div class=\"elementor-widget-container\">\n\t\t\t\t\t\t\t\t\t\t\t\t\t\t\t<img loading=\"lazy\" decoding=\"async\" width=\"674\" height=\"167\" src=\"https:\/\/cooperacio.manresa.cat\/mesenlladelesaparencescataleg\/wp-content\/uploads\/2022\/12\/logos1.png\" class=\"attachment-large size-large wp-image-109\" alt=\"\" srcset=\"https:\/\/cooperacio.manresa.cat\/mesenlladelesaparencescataleg\/wp-content\/uploads\/2022\/12\/logos1.png 674w, https:\/\/cooperacio.manresa.cat\/mesenlladelesaparencescataleg\/wp-content\/uploads\/2022\/12\/logos1-300x74.png 300w\" sizes=\"(max-width: 674px) 100vw, 674px\" \/>\t\t\t\t\t\t\t\t\t\t\t\t\t\t\t<\/div>\n\t\t\t\t<\/div>\n\t\t\t\t\t<\/div>\n\t\t<\/div>\n\t\t\t\t<div class=\"elementor-column elementor-col-50 elementor-inner-column elementor-element elementor-element-4582db11\" data-id=\"4582db11\" data-element_type=\"column\">\n\t\t\t<div class=\"elementor-widget-wrap elementor-element-populated\">\n\t\t\t\t\t\t<div class=\"elementor-element elementor-element-10814296 elementor-widget elementor-widget-image\" data-id=\"10814296\" data-element_type=\"widget\" data-widget_type=\"image.default\">\n\t\t\t\t<div class=\"elementor-widget-container\">\n\t\t\t\t\t\t\t\t\t\t\t\t\t\t\t<img loading=\"lazy\" decoding=\"async\" width=\"708\" height=\"167\" src=\"https:\/\/cooperacio.manresa.cat\/mesenlladelesaparencescataleg\/wp-content\/uploads\/2023\/01\/logos2.png\" class=\"attachment-large size-large wp-image-526\" alt=\"\" srcset=\"https:\/\/cooperacio.manresa.cat\/mesenlladelesaparencescataleg\/wp-content\/uploads\/2023\/01\/logos2.png 708w, https:\/\/cooperacio.manresa.cat\/mesenlladelesaparencescataleg\/wp-content\/uploads\/2023\/01\/logos2-300x71.png 300w\" sizes=\"(max-width: 708px) 100vw, 708px\" \/>\t\t\t\t\t\t\t\t\t\t\t\t\t\t\t<\/div>\n\t\t\t\t<\/div>\n\t\t\t\t\t<\/div>\n\t\t<\/div>\n\t\t\t\t\t<\/div>\n\t\t<\/section>\n\t\t\t\t\t<\/div>\n\t\t<\/div>\n\t\t\t\t\t<\/div>\n\t\t<\/section>\n\t\t\t\t<\/div>\n\t\t","protected":false},"excerpt":{"rendered":"<p>MISSI\u00d3 ENTITATS SOCIALS AMPANS Es dediquen a acompanyar i donar suport a les persones amb discapacitat intel\u00b7lectual o en situaci\u00f3 de vulnerabilitat en el desenvolupament del seu projecte de vida, garantint-ne els drets, i la sostenibilitat d&#8217;AMPANS, amb una clara voluntat de transformaci\u00f3 social. Al llarg dels anys, l&#8217;entitat ha desplegat un model assistencial que t\u00e9 com a eix vertebrador l&#8217;atenci\u00f3 continuada i personalitzada. Mitjan\u00e7ant centres, serveis, programes i suports a mida abracem totes les [&hellip;]<\/p>\n","protected":false},"author":1,"featured_media":0,"parent":0,"menu_order":0,"comment_status":"closed","ping_status":"closed","template":"","meta":{"footnotes":""},"class_list":["post-121","page","type-page","status-publish","hentry"],"_links":{"self":[{"href":"https:\/\/cooperacio.manresa.cat\/mesenlladelesaparencescataleg\/wp-json\/wp\/v2\/pages\/121","targetHints":{"allow":["GET"]}}],"collection":[{"href":"https:\/\/cooperacio.manresa.cat\/mesenlladelesaparencescataleg\/wp-json\/wp\/v2\/pages"}],"about":[{"href":"https:\/\/cooperacio.manresa.cat\/mesenlladelesaparencescataleg\/wp-json\/wp\/v2\/types\/page"}],"author":[{"embeddable":true,"href":"https:\/\/cooperacio.manresa.cat\/mesenlladelesaparencescataleg\/wp-json\/wp\/v2\/users\/1"}],"replies":[{"embeddable":true,"href":"https:\/\/cooperacio.manresa.cat\/mesenlladelesaparencescataleg\/wp-json\/wp\/v2\/comments?post=121"}],"version-history":[{"count":16,"href":"https:\/\/cooperacio.manresa.cat\/mesenlladelesaparencescataleg\/wp-json\/wp\/v2\/pages\/121\/revisions"}],"predecessor-version":[{"id":535,"href":"https:\/\/cooperacio.manresa.cat\/mesenlladelesaparencescataleg\/wp-json\/wp\/v2\/pages\/121\/revisions\/535"}],"wp:attachment":[{"href":"https:\/\/cooperacio.manresa.cat\/mesenlladelesaparencescataleg\/wp-json\/wp\/v2\/media?parent=121"}],"curies":[{"name":"wp","href":"https:\/\/api.w.org\/{rel}","templated":true}]}}