{"id":123,"date":"2022-12-22T10:00:16","date_gmt":"2022-12-22T10:00:16","guid":{"rendered":"http:\/\/cooperacio.manresa.cat\/mesenlladelesaparencescataleg\/?page_id=123"},"modified":"2023-01-19T11:40:00","modified_gmt":"2023-01-19T11:40:00","slug":"altres-entitats","status":"publish","type":"page","link":"https:\/\/cooperacio.manresa.cat\/mesenlladelesaparencescataleg\/altres-entitats\/","title":{"rendered":"Altres entitats"},"content":{"rendered":"\t\t<div data-elementor-type=\"wp-page\" data-elementor-id=\"123\" class=\"elementor elementor-123\">\n\t\t\t\t\t\t<section class=\"elementor-section elementor-top-section elementor-element elementor-element-75aa6a33 elementor-section-boxed elementor-section-height-default elementor-section-height-default\" data-id=\"75aa6a33\" data-element_type=\"section\" data-settings=\"{&quot;background_background&quot;:&quot;classic&quot;}\">\n\t\t\t\t\t\t<div class=\"elementor-container elementor-column-gap-default\">\n\t\t\t\t\t<div class=\"elementor-column elementor-col-100 elementor-top-column elementor-element elementor-element-109670ee\" data-id=\"109670ee\" data-element_type=\"column\">\n\t\t\t<div class=\"elementor-widget-wrap elementor-element-populated\">\n\t\t\t\t\t\t<div class=\"elementor-element elementor-element-53b6e020 elementor-widget elementor-widget-spacer\" data-id=\"53b6e020\" data-element_type=\"widget\" data-widget_type=\"spacer.default\">\n\t\t\t\t<div class=\"elementor-widget-container\">\n\t\t\t\t\t\t\t<div class=\"elementor-spacer\">\n\t\t\t<div class=\"elementor-spacer-inner\"><\/div>\n\t\t<\/div>\n\t\t\t\t\t\t<\/div>\n\t\t\t\t<\/div>\n\t\t\t\t<div class=\"elementor-element elementor-element-50e71528 elementor-invisible elementor-widget elementor-widget-heading\" data-id=\"50e71528\" data-element_type=\"widget\" data-settings=\"{&quot;_animation&quot;:&quot;fadeInLeft&quot;}\" data-widget_type=\"heading.default\">\n\t\t\t\t<div class=\"elementor-widget-container\">\n\t\t\t\t\t<h2 class=\"elementor-heading-title elementor-size-default\">ALTRES ENTITATS<\/h2>\t\t\t\t<\/div>\n\t\t\t\t<\/div>\n\t\t\t\t<div class=\"elementor-element elementor-element-3ad80f84 elementor-widget elementor-widget-spacer\" data-id=\"3ad80f84\" data-element_type=\"widget\" data-widget_type=\"spacer.default\">\n\t\t\t\t<div class=\"elementor-widget-container\">\n\t\t\t\t\t\t\t<div class=\"elementor-spacer\">\n\t\t\t<div class=\"elementor-spacer-inner\"><\/div>\n\t\t<\/div>\n\t\t\t\t\t\t<\/div>\n\t\t\t\t<\/div>\n\t\t\t\t\t<\/div>\n\t\t<\/div>\n\t\t\t\t\t<\/div>\n\t\t<\/section>\n\t\t\t\t<section class=\"elementor-section elementor-top-section elementor-element elementor-element-66a4f2c2 blau elementor-section-boxed elementor-section-height-default elementor-section-height-default\" data-id=\"66a4f2c2\" data-element_type=\"section\">\n\t\t\t\t\t\t<div class=\"elementor-container elementor-column-gap-default\">\n\t\t\t\t\t<div class=\"elementor-column elementor-col-33 elementor-top-column elementor-element elementor-element-4e9046e0\" data-id=\"4e9046e0\" data-element_type=\"column\">\n\t\t\t<div class=\"elementor-widget-wrap elementor-element-populated\">\n\t\t\t\t\t\t<div class=\"elementor-element elementor-element-ef8e5f6 elementor-widget elementor-widget-image\" data-id=\"ef8e5f6\" data-element_type=\"widget\" data-widget_type=\"image.default\">\n\t\t\t\t<div class=\"elementor-widget-container\">\n\t\t\t\t\t\t\t\t\t\t\t\t\t\t\t<img decoding=\"async\" width=\"171\" height=\"82\" src=\"https:\/\/cooperacio.manresa.cat\/mesenlladelesaparencescataleg\/wp-content\/uploads\/2022\/12\/fotoart.png\" class=\"attachment-large size-large wp-image-318\" alt=\"\" \/>\t\t\t\t\t\t\t\t\t\t\t\t\t\t\t<\/div>\n\t\t\t\t<\/div>\n\t\t\t\t\t<\/div>\n\t\t<\/div>\n\t\t\t\t<div class=\"elementor-column elementor-col-66 elementor-top-column elementor-element elementor-element-481013cb\" data-id=\"481013cb\" data-element_type=\"column\">\n\t\t\t<div class=\"elementor-widget-wrap elementor-element-populated\">\n\t\t\t\t\t\t<div class=\"elementor-element elementor-element-1f9ff8d4 elementor-widget elementor-widget-heading\" data-id=\"1f9ff8d4\" data-element_type=\"widget\" data-widget_type=\"heading.default\">\n\t\t\t\t<div class=\"elementor-widget-container\">\n\t\t\t\t\t<h2 class=\"elementor-heading-title elementor-size-default\">FOTO ART MANRESA<\/h2>\t\t\t\t<\/div>\n\t\t\t\t<\/div>\n\t\t\t\t<div class=\"elementor-element elementor-element-dad0fe elementor-widget elementor-widget-text-editor\" data-id=\"dad0fe\" data-element_type=\"widget\" data-widget_type=\"text-editor.default\">\n\t\t\t\t<div class=\"elementor-widget-container\">\n\t\t\t\t\t\t\t\t\t<p>Amb el nom de Foto Art Manresa es constitueix una associaci\u00f3 de car\u00e0cter art\u00edstic que tindr\u00e0 per objecte el foment de la imatge sensible en totes les seves manifestacions.<\/p><p>Els or\u00edgens de Foto Art Manresa es remunten a una altra organitzaci\u00f3 que tingu\u00e9 la seva m\u00e0xima activitat entre el 1960 i el 1970. Era el Foto Club Manresa, que actuava com a secci\u00f3 del Centre Excursionista de la Comarca del Bages i de la qual n\u2019hav\u00edem format part for\u00e7a dels socis fundadors del Foto Art Manresa.<\/p><p><a href=\"http:\/\/www.fotoartmanresa.cat\" target=\"_blank\" rel=\"noopener\">http:\/\/www.fotoartmanresa.cat<\/a><\/p>\t\t\t\t\t\t\t\t<\/div>\n\t\t\t\t<\/div>\n\t\t\t\t\t<\/div>\n\t\t<\/div>\n\t\t\t\t\t<\/div>\n\t\t<\/section>\n\t\t\t\t<section class=\"elementor-section elementor-top-section elementor-element elementor-element-368020c4 blau elementor-section-boxed elementor-section-height-default elementor-section-height-default\" data-id=\"368020c4\" data-element_type=\"section\">\n\t\t\t\t\t\t<div class=\"elementor-container elementor-column-gap-default\">\n\t\t\t\t\t<div class=\"elementor-column elementor-col-33 elementor-top-column elementor-element elementor-element-5bbb03e3\" data-id=\"5bbb03e3\" data-element_type=\"column\">\n\t\t\t<div class=\"elementor-widget-wrap elementor-element-populated\">\n\t\t\t\t\t\t<div class=\"elementor-element elementor-element-73fc0970 elementor-widget elementor-widget-image\" data-id=\"73fc0970\" data-element_type=\"widget\" data-widget_type=\"image.default\">\n\t\t\t\t<div class=\"elementor-widget-container\">\n\t\t\t\t\t\t\t\t\t\t\t\t\t\t\t<img decoding=\"async\" width=\"228\" height=\"68\" src=\"https:\/\/cooperacio.manresa.cat\/mesenlladelesaparencescataleg\/wp-content\/uploads\/2022\/12\/escola-art.png\" class=\"attachment-large size-large wp-image-319\" alt=\"\" \/>\t\t\t\t\t\t\t\t\t\t\t\t\t\t\t<\/div>\n\t\t\t\t<\/div>\n\t\t\t\t\t<\/div>\n\t\t<\/div>\n\t\t\t\t<div class=\"elementor-column elementor-col-66 elementor-top-column elementor-element elementor-element-4d7c198e\" data-id=\"4d7c198e\" data-element_type=\"column\">\n\t\t\t<div class=\"elementor-widget-wrap elementor-element-populated\">\n\t\t\t\t\t\t<div class=\"elementor-element elementor-element-68cb1b0a elementor-widget elementor-widget-heading\" data-id=\"68cb1b0a\" data-element_type=\"widget\" data-widget_type=\"heading.default\">\n\t\t\t\t<div class=\"elementor-widget-container\">\n\t\t\t\t\t<h2 class=\"elementor-heading-title elementor-size-default\">ESCOLA D'ART MANRESA<\/h2>\t\t\t\t<\/div>\n\t\t\t\t<\/div>\n\t\t\t\t<div class=\"elementor-element elementor-element-34cbd03 elementor-widget elementor-widget-text-editor\" data-id=\"34cbd03\" data-element_type=\"widget\" data-widget_type=\"text-editor.default\">\n\t\t\t\t<div class=\"elementor-widget-container\">\n\t\t\t\t\t\t\t\t\t<p>L&#8217;Escola d&#8217;Art de Manresa va ser fundada el 1902, amb la intenci\u00f3 d&#8217;instruir i formar professionalment el jovent treballador de la ciutat, en l&#8217;\u00e0mbit t\u00e8cnic i art\u00edstic.<\/p><p>En l&#8217;\u00e0mbit pedag\u00f2gic, eduquem per a la igualtat sense cap mena de discriminaci\u00f3 per ra\u00f3 de sexe, \u00e8tnia, llengua o creences religioses. Vetllem perqu\u00e8 la vida de relaci\u00f3 en el centre s&#8217;orienti pels camins de la toler\u00e0ncia, la llibertat, la responsabilitat i el di\u00e0leg, acceptant la responsabilitat de formar el nostre alumnat en el marc del conjunt de valors, actituds i normes que caracteritzen una societat plural i democr\u00e0tica, i procurant que aquesta formaci\u00f3 abasti totes les dimensions importants d&#8217;una educaci\u00f3 integral.<\/p><p>En l&#8217;\u00e0mbit art\u00edstic, eduquem per formar persones creatives i destres en l&#8217;ofici. Oferim els coneixements culturals m\u00e9s amplis i diversos amb la finalitat que els alumnes puguin aprofundir-hi per donar el m\u00e0xim de si mateixos.<\/p><p><a href=\"http:\/\/www.escolaart-manresa.cat\" target=\"_blank\" rel=\"noopener\">www.escolaart-manresa.cat<\/a><\/p>\t\t\t\t\t\t\t\t<\/div>\n\t\t\t\t<\/div>\n\t\t\t\t\t<\/div>\n\t\t<\/div>\n\t\t\t\t\t<\/div>\n\t\t<\/section>\n\t\t\t\t<section class=\"elementor-section elementor-top-section elementor-element elementor-element-6a8d6bfd blau elementor-section-boxed elementor-section-height-default elementor-section-height-default\" data-id=\"6a8d6bfd\" data-element_type=\"section\">\n\t\t\t\t\t\t<div class=\"elementor-container elementor-column-gap-default\">\n\t\t\t\t\t<div class=\"elementor-column elementor-col-33 elementor-top-column elementor-element elementor-element-2eb42c8\" data-id=\"2eb42c8\" data-element_type=\"column\">\n\t\t\t<div class=\"elementor-widget-wrap elementor-element-populated\">\n\t\t\t\t\t\t<div class=\"elementor-element elementor-element-31401799 elementor-widget elementor-widget-image\" data-id=\"31401799\" data-element_type=\"widget\" data-widget_type=\"image.default\">\n\t\t\t\t<div class=\"elementor-widget-container\">\n\t\t\t\t\t\t\t\t\t\t\t\t\t\t\t<img decoding=\"async\" width=\"260\" height=\"58\" src=\"https:\/\/cooperacio.manresa.cat\/mesenlladelesaparencescataleg\/wp-content\/uploads\/2022\/12\/justicia-global.png\" class=\"attachment-large size-large wp-image-320\" alt=\"\" \/>\t\t\t\t\t\t\t\t\t\t\t\t\t\t\t<\/div>\n\t\t\t\t<\/div>\n\t\t\t\t\t<\/div>\n\t\t<\/div>\n\t\t\t\t<div class=\"elementor-column elementor-col-66 elementor-top-column elementor-element elementor-element-10a62420\" data-id=\"10a62420\" data-element_type=\"column\">\n\t\t\t<div class=\"elementor-widget-wrap elementor-element-populated\">\n\t\t\t\t\t\t<div class=\"elementor-element elementor-element-5836089a elementor-widget elementor-widget-heading\" data-id=\"5836089a\" data-element_type=\"widget\" data-widget_type=\"heading.default\">\n\t\t\t\t<div class=\"elementor-widget-container\">\n\t\t\t\t\t<h2 class=\"elementor-heading-title elementor-size-default\">COOPERACI\u00d3 I SOLIDARITAT<\/h2>\t\t\t\t<\/div>\n\t\t\t\t<\/div>\n\t\t\t\t<div class=\"elementor-element elementor-element-70103908 elementor-widget elementor-widget-text-editor\" data-id=\"70103908\" data-element_type=\"widget\" data-widget_type=\"text-editor.default\">\n\t\t\t\t<div class=\"elementor-widget-container\">\n\t\t\t\t\t\t\t\t\t<p>En societats cada vegada m\u00e9s globalitzades, les decisions que es prenen a nivell global acaben repercutint molt directament a les condicions de vida a la nostra ciutat; alhora,\u00a0 les decisions personals i locals tamb\u00e9 tenen repercussions a nivell general.<\/p><p>Les accions de Cooperaci\u00f3 a Manresa tenen l\u2019objectiu d\u2019obrir la mirada al m\u00f3n i, amb sentit cr\u00edtic i solidari, acompanyar i donar suport a la ciutadania que vol contribuir en la construcci\u00f3 de societats que salvaguardin els drets humans i incideixin en les causes reals de les desigualtats.<\/p><p>Treballem:<\/p><ul><li>Activitats formatives i tallers als centres educatius.<\/li><li>Assessorament en tem\u00e0tiques de Cultura de Pau a la Casa per la Solidaritat i la Pau Flors Sirera.<\/li><li>Manresa ciutat pel comer\u00e7 just.<\/li><li>Suport a projectes al sud global<\/li><\/ul><p><br \/><a href=\"http:\/\/www.cooperacio.manresa.cat\" target=\"_blank\" rel=\"noopener\">http:\/\/www.cooperacio.manresa.cat<\/a><\/p>\t\t\t\t\t\t\t\t<\/div>\n\t\t\t\t<\/div>\n\t\t\t\t\t<\/div>\n\t\t<\/div>\n\t\t\t\t\t<\/div>\n\t\t<\/section>\n\t\t\t\t<section class=\"elementor-section elementor-top-section elementor-element elementor-element-441beb7d blau elementor-section-boxed elementor-section-height-default elementor-section-height-default\" data-id=\"441beb7d\" data-element_type=\"section\">\n\t\t\t\t\t\t<div class=\"elementor-container elementor-column-gap-default\">\n\t\t\t\t\t<div class=\"elementor-column elementor-col-33 elementor-top-column elementor-element elementor-element-424f61eb\" data-id=\"424f61eb\" data-element_type=\"column\">\n\t\t\t<div class=\"elementor-widget-wrap\">\n\t\t\t\t\t\t\t<\/div>\n\t\t<\/div>\n\t\t\t\t<div class=\"elementor-column elementor-col-66 elementor-top-column elementor-element elementor-element-7d23cfc\" data-id=\"7d23cfc\" data-element_type=\"column\">\n\t\t\t<div class=\"elementor-widget-wrap elementor-element-populated\">\n\t\t\t\t\t\t<div class=\"elementor-element elementor-element-6dc498b2 elementor-widget elementor-widget-heading\" data-id=\"6dc498b2\" data-element_type=\"widget\" data-widget_type=\"heading.default\">\n\t\t\t\t<div class=\"elementor-widget-container\">\n\t\t\t\t\t<h2 class=\"elementor-heading-title elementor-size-default\">ACCI\u00d3 I INCLUSI\u00d3 SOCIAL<\/h2>\t\t\t\t<\/div>\n\t\t\t\t<\/div>\n\t\t\t\t<div class=\"elementor-element elementor-element-603469de elementor-widget elementor-widget-text-editor\" data-id=\"603469de\" data-element_type=\"widget\" data-widget_type=\"text-editor.default\">\n\t\t\t\t<div class=\"elementor-widget-container\">\n\t\t\t\t\t\t\t\t\t<p>La missi\u00f3 del Pla d\u2019acci\u00f3 per la inclusi\u00f3 social es vasa en orientar el conjunt d\u2019actuacions i pol\u00edtiques de forma inclusiva per tal d\u2019assolir una ciutat que garanteixi la qualitat de la ciutadania, la cohesi\u00f3 social i la igualtat d\u2019oportunitats en tots els \u00e0mbits de la vida social i col.lectiva , a partir d\u2019una perspectiva transversal i del treball en xarxa de les administracions i els agents socials del territori.<\/p><p>Treballem en xarxa amb els diferents agents socials de la ciutat amb l\u2019objectiu d\u2019evitar que hi hagi persones que no puguin accedir als mecanismes de desenvolupament personal i d\u2019inserci\u00f3 sociocomunit\u00e0ria i als sistemes preestablerts de protecci\u00f3.<\/p><p>\u00a0<\/p>\t\t\t\t\t\t\t\t<\/div>\n\t\t\t\t<\/div>\n\t\t\t\t\t<\/div>\n\t\t<\/div>\n\t\t\t\t\t<\/div>\n\t\t<\/section>\n\t\t\t\t<section class=\"elementor-section elementor-top-section elementor-element elementor-element-4ef6d0e1 elementor-section-boxed elementor-section-height-default elementor-section-height-default\" data-id=\"4ef6d0e1\" data-element_type=\"section\" data-settings=\"{&quot;background_background&quot;:&quot;classic&quot;}\">\n\t\t\t\t\t\t<div class=\"elementor-container elementor-column-gap-default\">\n\t\t\t\t\t<div class=\"elementor-column elementor-col-100 elementor-top-column elementor-element elementor-element-6840b4a8\" data-id=\"6840b4a8\" data-element_type=\"column\">\n\t\t\t<div class=\"elementor-widget-wrap elementor-element-populated\">\n\t\t\t\t\t\t<section class=\"elementor-section elementor-inner-section elementor-element elementor-element-2c4b33ac elementor-section-boxed elementor-section-height-default elementor-section-height-default\" data-id=\"2c4b33ac\" data-element_type=\"section\">\n\t\t\t\t\t\t<div class=\"elementor-container elementor-column-gap-default\">\n\t\t\t\t\t<div class=\"elementor-column elementor-col-50 elementor-inner-column elementor-element elementor-element-28fe76a9\" data-id=\"28fe76a9\" data-element_type=\"column\">\n\t\t\t<div class=\"elementor-widget-wrap elementor-element-populated\">\n\t\t\t\t\t\t<div class=\"elementor-element elementor-element-2fab9513 elementor-widget elementor-widget-image\" data-id=\"2fab9513\" data-element_type=\"widget\" data-widget_type=\"image.default\">\n\t\t\t\t<div class=\"elementor-widget-container\">\n\t\t\t\t\t\t\t\t\t\t\t\t\t\t\t<img loading=\"lazy\" decoding=\"async\" width=\"674\" height=\"167\" src=\"https:\/\/cooperacio.manresa.cat\/mesenlladelesaparencescataleg\/wp-content\/uploads\/2022\/12\/logos1.png\" class=\"attachment-large size-large wp-image-109\" alt=\"\" srcset=\"https:\/\/cooperacio.manresa.cat\/mesenlladelesaparencescataleg\/wp-content\/uploads\/2022\/12\/logos1.png 674w, https:\/\/cooperacio.manresa.cat\/mesenlladelesaparencescataleg\/wp-content\/uploads\/2022\/12\/logos1-300x74.png 300w\" sizes=\"(max-width: 674px) 100vw, 674px\" \/>\t\t\t\t\t\t\t\t\t\t\t\t\t\t\t<\/div>\n\t\t\t\t<\/div>\n\t\t\t\t\t<\/div>\n\t\t<\/div>\n\t\t\t\t<div class=\"elementor-column elementor-col-50 elementor-inner-column elementor-element elementor-element-1876b01d\" data-id=\"1876b01d\" data-element_type=\"column\">\n\t\t\t<div class=\"elementor-widget-wrap elementor-element-populated\">\n\t\t\t\t\t\t<div class=\"elementor-element elementor-element-1ac49b1a elementor-widget elementor-widget-image\" data-id=\"1ac49b1a\" data-element_type=\"widget\" data-widget_type=\"image.default\">\n\t\t\t\t<div class=\"elementor-widget-container\">\n\t\t\t\t\t\t\t\t\t\t\t\t\t\t\t<img loading=\"lazy\" decoding=\"async\" width=\"708\" height=\"167\" src=\"https:\/\/cooperacio.manresa.cat\/mesenlladelesaparencescataleg\/wp-content\/uploads\/2023\/01\/logos2.png\" class=\"attachment-large size-large wp-image-526\" alt=\"\" srcset=\"https:\/\/cooperacio.manresa.cat\/mesenlladelesaparencescataleg\/wp-content\/uploads\/2023\/01\/logos2.png 708w, https:\/\/cooperacio.manresa.cat\/mesenlladelesaparencescataleg\/wp-content\/uploads\/2023\/01\/logos2-300x71.png 300w\" sizes=\"(max-width: 708px) 100vw, 708px\" \/>\t\t\t\t\t\t\t\t\t\t\t\t\t\t\t<\/div>\n\t\t\t\t<\/div>\n\t\t\t\t\t<\/div>\n\t\t<\/div>\n\t\t\t\t\t<\/div>\n\t\t<\/section>\n\t\t\t\t\t<\/div>\n\t\t<\/div>\n\t\t\t\t\t<\/div>\n\t\t<\/section>\n\t\t\t\t<\/div>\n\t\t","protected":false},"excerpt":{"rendered":"<p>ALTRES ENTITATS FOTO ART MANRESA Amb el nom de Foto Art Manresa es constitueix una associaci\u00f3 de car\u00e0cter art\u00edstic que tindr\u00e0 per objecte el foment de la imatge sensible en totes les seves manifestacions. Els or\u00edgens de Foto Art Manresa es remunten a una altra organitzaci\u00f3 que tingu\u00e9 la seva m\u00e0xima activitat entre el 1960 i el 1970. Era el Foto Club Manresa, que actuava com a secci\u00f3 del Centre Excursionista de la Comarca del [&hellip;]<\/p>\n","protected":false},"author":1,"featured_media":0,"parent":0,"menu_order":0,"comment_status":"closed","ping_status":"closed","template":"","meta":{"footnotes":""},"class_list":["post-123","page","type-page","status-publish","hentry"],"_links":{"self":[{"href":"https:\/\/cooperacio.manresa.cat\/mesenlladelesaparencescataleg\/wp-json\/wp\/v2\/pages\/123","targetHints":{"allow":["GET"]}}],"collection":[{"href":"https:\/\/cooperacio.manresa.cat\/mesenlladelesaparencescataleg\/wp-json\/wp\/v2\/pages"}],"about":[{"href":"https:\/\/cooperacio.manresa.cat\/mesenlladelesaparencescataleg\/wp-json\/wp\/v2\/types\/page"}],"author":[{"embeddable":true,"href":"https:\/\/cooperacio.manresa.cat\/mesenlladelesaparencescataleg\/wp-json\/wp\/v2\/users\/1"}],"replies":[{"embeddable":true,"href":"https:\/\/cooperacio.manresa.cat\/mesenlladelesaparencescataleg\/wp-json\/wp\/v2\/comments?post=123"}],"version-history":[{"count":31,"href":"https:\/\/cooperacio.manresa.cat\/mesenlladelesaparencescataleg\/wp-json\/wp\/v2\/pages\/123\/revisions"}],"predecessor-version":[{"id":538,"href":"https:\/\/cooperacio.manresa.cat\/mesenlladelesaparencescataleg\/wp-json\/wp\/v2\/pages\/123\/revisions\/538"}],"wp:attachment":[{"href":"https:\/\/cooperacio.manresa.cat\/mesenlladelesaparencescataleg\/wp-json\/wp\/v2\/media?parent=123"}],"curies":[{"name":"wp","href":"https:\/\/api.w.org\/{rel}","templated":true}]}}