{"id":9,"date":"2022-12-19T11:05:59","date_gmt":"2022-12-19T11:05:59","guid":{"rendered":"http:\/\/cooperacio.manresa.cat\/mesenlladelesaparencescataleg\/?page_id=9"},"modified":"2023-05-26T08:21:00","modified_gmt":"2023-05-26T08:21:00","slug":"inici","status":"publish","type":"page","link":"https:\/\/cooperacio.manresa.cat\/mesenlladelesaparencescataleg\/","title":{"rendered":"Inici"},"content":{"rendered":"\t\t<div data-elementor-type=\"wp-page\" data-elementor-id=\"9\" class=\"elementor elementor-9\">\n\t\t\t\t\t\t<section class=\"elementor-section elementor-top-section elementor-element elementor-element-12b096e elementor-section-boxed elementor-section-height-default elementor-section-height-default\" data-id=\"12b096e\" data-element_type=\"section\" data-settings=\"{&quot;background_background&quot;:&quot;classic&quot;}\">\n\t\t\t\t\t\t<div class=\"elementor-container elementor-column-gap-default\">\n\t\t\t\t\t<div class=\"elementor-column elementor-col-100 elementor-top-column elementor-element elementor-element-9e7ebd0\" data-id=\"9e7ebd0\" data-element_type=\"column\">\n\t\t\t<div class=\"elementor-widget-wrap elementor-element-populated\">\n\t\t\t\t\t\t<div class=\"elementor-element elementor-element-00bfcfe elementor-widget elementor-widget-spacer\" data-id=\"00bfcfe\" data-element_type=\"widget\" data-widget_type=\"spacer.default\">\n\t\t\t\t<div class=\"elementor-widget-container\">\n\t\t\t\t\t\t\t<div class=\"elementor-spacer\">\n\t\t\t<div class=\"elementor-spacer-inner\"><\/div>\n\t\t<\/div>\n\t\t\t\t\t\t<\/div>\n\t\t\t\t<\/div>\n\t\t\t\t<div class=\"elementor-element elementor-element-6718cfd elementor-invisible elementor-widget elementor-widget-heading\" data-id=\"6718cfd\" data-element_type=\"widget\" data-settings=\"{&quot;_animation&quot;:&quot;fadeInLeft&quot;}\" data-widget_type=\"heading.default\">\n\t\t\t\t<div class=\"elementor-widget-container\">\n\t\t\t\t\t<h2 class=\"elementor-heading-title elementor-size-default\">Pot canviar el m\u00f3n \nla roba que portes?<\/h2>\t\t\t\t<\/div>\n\t\t\t\t<\/div>\n\t\t\t\t<div class=\"elementor-element elementor-element-c9db199 elementor-widget elementor-widget-spacer\" data-id=\"c9db199\" data-element_type=\"widget\" data-widget_type=\"spacer.default\">\n\t\t\t\t<div class=\"elementor-widget-container\">\n\t\t\t\t\t\t\t<div class=\"elementor-spacer\">\n\t\t\t<div class=\"elementor-spacer-inner\"><\/div>\n\t\t<\/div>\n\t\t\t\t\t\t<\/div>\n\t\t\t\t<\/div>\n\t\t\t\t\t<\/div>\n\t\t<\/div>\n\t\t\t\t\t<\/div>\n\t\t<\/section>\n\t\t\t\t<section class=\"elementor-section elementor-top-section elementor-element elementor-element-b187043 elementor-section-boxed elementor-section-height-default elementor-section-height-default\" data-id=\"b187043\" data-element_type=\"section\" data-settings=\"{&quot;background_background&quot;:&quot;classic&quot;}\">\n\t\t\t\t\t\t<div class=\"elementor-container elementor-column-gap-default\">\n\t\t\t\t\t<div class=\"elementor-column elementor-col-100 elementor-top-column elementor-element elementor-element-af12503\" data-id=\"af12503\" data-element_type=\"column\">\n\t\t\t<div class=\"elementor-widget-wrap elementor-element-populated\">\n\t\t\t\t\t\t<div class=\"elementor-element elementor-element-05034cf elementor-align-center elementor-icon-list--layout-traditional elementor-list-item-link-full_width elementor-widget elementor-widget-icon-list\" data-id=\"05034cf\" data-element_type=\"widget\" data-widget_type=\"icon-list.default\">\n\t\t\t\t<div class=\"elementor-widget-container\">\n\t\t\t\t\t\t\t<ul class=\"elementor-icon-list-items\">\n\t\t\t\t\t\t\t<li class=\"elementor-icon-list-item\">\n\t\t\t\t\t\t\t\t\t\t<span class=\"elementor-icon-list-text\">Tria moda neta d\u2019estereotips<\/span>\n\t\t\t\t\t\t\t\t\t<\/li>\n\t\t\t\t\t\t\t\t<li class=\"elementor-icon-list-item\">\n\t\t\t\t\t\t\t\t\t\t<span class=\"elementor-icon-list-text\">Tria moda elaborada amb just\u00edcia<\/span>\n\t\t\t\t\t\t\t\t\t<\/li>\n\t\t\t\t\t\t\t\t<li class=\"elementor-icon-list-item\">\n\t\t\t\t\t\t\t\t\t\t<span class=\"elementor-icon-list-text\">Tria moda respectuosa amb el medi ambient<\/span>\n\t\t\t\t\t\t\t\t\t<\/li>\n\t\t\t\t\t\t<\/ul>\n\t\t\t\t\t\t<\/div>\n\t\t\t\t<\/div>\n\t\t\t\t<div class=\"elementor-element elementor-element-798a0ac elementor-widget elementor-widget-text-editor\" data-id=\"798a0ac\" data-element_type=\"widget\" data-widget_type=\"text-editor.default\">\n\t\t\t\t<div class=\"elementor-widget-container\">\n\t\t\t\t\t\t\t\t\t<p>Un projecte conjunt d\u2019emprenedoria social, <br \/>entitats d\u2019inclusi\u00f3 social i cooperaci\u00f3 internacional<\/p>\t\t\t\t\t\t\t\t<\/div>\n\t\t\t\t<\/div>\n\t\t\t\t<div class=\"elementor-element elementor-element-bf7d0b0 elementor-align-center elementor-widget elementor-widget-button\" data-id=\"bf7d0b0\" data-element_type=\"widget\" data-widget_type=\"button.default\">\n\t\t\t\t<div class=\"elementor-widget-container\">\n\t\t\t\t\t\t\t\t\t<div class=\"elementor-button-wrapper\">\n\t\t\t\t\t<a class=\"elementor-button elementor-button-link elementor-size-sm\" href=\"http:\/\/cooperacio.manresa.cat\/mesenlladelesaparencescataleg\/wp-content\/uploads\/2023\/05\/Catalegmodainclusiva.pdf\" target=\"_blank\">\n\t\t\t\t\t\t<span class=\"elementor-button-content-wrapper\">\n\t\t\t\t\t\t\t\t\t<span class=\"elementor-button-text\">Consulta el cat\u00e0leg de t\u00e8xtil sostenible, just i inclusiu <br>(Cat\u00e0leg disponible des del 29 de maig)<\/span>\n\t\t\t\t\t<\/span>\n\t\t\t\t\t<\/a>\n\t\t\t\t<\/div>\n\t\t\t\t\t\t\t\t<\/div>\n\t\t\t\t<\/div>\n\t\t\t\t<div class=\"elementor-element elementor-element-9d94b7b elementor-widget elementor-widget-spacer\" data-id=\"9d94b7b\" data-element_type=\"widget\" data-widget_type=\"spacer.default\">\n\t\t\t\t<div class=\"elementor-widget-container\">\n\t\t\t\t\t\t\t<div class=\"elementor-spacer\">\n\t\t\t<div class=\"elementor-spacer-inner\"><\/div>\n\t\t<\/div>\n\t\t\t\t\t\t<\/div>\n\t\t\t\t<\/div>\n\t\t\t\t<div class=\"elementor-element elementor-element-ad22e33 elementor-widget elementor-widget-spacer\" data-id=\"ad22e33\" data-element_type=\"widget\" data-widget_type=\"spacer.default\">\n\t\t\t\t<div class=\"elementor-widget-container\">\n\t\t\t\t\t\t\t<div class=\"elementor-spacer\">\n\t\t\t<div class=\"elementor-spacer-inner\"><\/div>\n\t\t<\/div>\n\t\t\t\t\t\t<\/div>\n\t\t\t\t<\/div>\n\t\t\t\t\t<\/div>\n\t\t<\/div>\n\t\t\t\t\t<\/div>\n\t\t<\/section>\n\t\t\t\t<section class=\"elementor-section elementor-top-section elementor-element elementor-element-77934e9 elementor-section-boxed elementor-section-height-default elementor-section-height-default\" data-id=\"77934e9\" data-element_type=\"section\" data-settings=\"{&quot;background_background&quot;:&quot;classic&quot;}\">\n\t\t\t\t\t\t<div class=\"elementor-container elementor-column-gap-default\">\n\t\t\t\t\t<div class=\"elementor-column elementor-col-100 elementor-top-column elementor-element elementor-element-b9d476e\" data-id=\"b9d476e\" data-element_type=\"column\">\n\t\t\t<div class=\"elementor-widget-wrap elementor-element-populated\">\n\t\t\t\t\t\t<section class=\"elementor-section elementor-inner-section elementor-element elementor-element-00e1718 elementor-section-boxed elementor-section-height-default elementor-section-height-default\" data-id=\"00e1718\" data-element_type=\"section\">\n\t\t\t\t\t\t<div class=\"elementor-container elementor-column-gap-default\">\n\t\t\t\t\t<div class=\"elementor-column elementor-col-50 elementor-inner-column elementor-element elementor-element-450f599\" data-id=\"450f599\" data-element_type=\"column\">\n\t\t\t<div class=\"elementor-widget-wrap elementor-element-populated\">\n\t\t\t\t\t\t<div class=\"elementor-element elementor-element-3739508 elementor-widget elementor-widget-image\" data-id=\"3739508\" data-element_type=\"widget\" data-widget_type=\"image.default\">\n\t\t\t\t<div class=\"elementor-widget-container\">\n\t\t\t\t\t\t\t\t\t\t\t\t\t\t\t<img fetchpriority=\"high\" decoding=\"async\" width=\"674\" height=\"167\" src=\"https:\/\/cooperacio.manresa.cat\/mesenlladelesaparencescataleg\/wp-content\/uploads\/2022\/12\/logos1.png\" class=\"attachment-large size-large wp-image-109\" alt=\"\" srcset=\"https:\/\/cooperacio.manresa.cat\/mesenlladelesaparencescataleg\/wp-content\/uploads\/2022\/12\/logos1.png 674w, https:\/\/cooperacio.manresa.cat\/mesenlladelesaparencescataleg\/wp-content\/uploads\/2022\/12\/logos1-300x74.png 300w\" sizes=\"(max-width: 674px) 100vw, 674px\" \/>\t\t\t\t\t\t\t\t\t\t\t\t\t\t\t<\/div>\n\t\t\t\t<\/div>\n\t\t\t\t\t<\/div>\n\t\t<\/div>\n\t\t\t\t<div class=\"elementor-column elementor-col-50 elementor-inner-column elementor-element elementor-element-617900e\" data-id=\"617900e\" data-element_type=\"column\">\n\t\t\t<div class=\"elementor-widget-wrap elementor-element-populated\">\n\t\t\t\t\t\t<div class=\"elementor-element elementor-element-5edd42f elementor-widget elementor-widget-image\" data-id=\"5edd42f\" data-element_type=\"widget\" data-widget_type=\"image.default\">\n\t\t\t\t<div class=\"elementor-widget-container\">\n\t\t\t\t\t\t\t\t\t\t\t\t\t\t\t<img decoding=\"async\" width=\"708\" height=\"167\" src=\"https:\/\/cooperacio.manresa.cat\/mesenlladelesaparencescataleg\/wp-content\/uploads\/2023\/01\/logos2.png\" class=\"attachment-large size-large wp-image-526\" alt=\"\" srcset=\"https:\/\/cooperacio.manresa.cat\/mesenlladelesaparencescataleg\/wp-content\/uploads\/2023\/01\/logos2.png 708w, https:\/\/cooperacio.manresa.cat\/mesenlladelesaparencescataleg\/wp-content\/uploads\/2023\/01\/logos2-300x71.png 300w\" sizes=\"(max-width: 708px) 100vw, 708px\" \/>\t\t\t\t\t\t\t\t\t\t\t\t\t\t\t<\/div>\n\t\t\t\t<\/div>\n\t\t\t\t\t<\/div>\n\t\t<\/div>\n\t\t\t\t\t<\/div>\n\t\t<\/section>\n\t\t\t\t\t<\/div>\n\t\t<\/div>\n\t\t\t\t\t<\/div>\n\t\t<\/section>\n\t\t\t\t<\/div>\n\t\t","protected":false},"excerpt":{"rendered":"<p>Pot canviar el m\u00f3n la roba que portes? Tria moda neta d\u2019estereotips Tria moda elaborada amb just\u00edcia Tria moda respectuosa amb el medi ambient Un projecte conjunt d\u2019emprenedoria social, entitats d\u2019inclusi\u00f3 social i cooperaci\u00f3 internacional Consulta el cat\u00e0leg de t\u00e8xtil sostenible, just i inclusiu (Cat\u00e0leg disponible des del 29 de maig)<\/p>\n","protected":false},"author":1,"featured_media":0,"parent":0,"menu_order":0,"comment_status":"closed","ping_status":"closed","template":"","meta":{"footnotes":""},"class_list":["post-9","page","type-page","status-publish","hentry"],"_links":{"self":[{"href":"https:\/\/cooperacio.manresa.cat\/mesenlladelesaparencescataleg\/wp-json\/wp\/v2\/pages\/9","targetHints":{"allow":["GET"]}}],"collection":[{"href":"https:\/\/cooperacio.manresa.cat\/mesenlladelesaparencescataleg\/wp-json\/wp\/v2\/pages"}],"about":[{"href":"https:\/\/cooperacio.manresa.cat\/mesenlladelesaparencescataleg\/wp-json\/wp\/v2\/types\/page"}],"author":[{"embeddable":true,"href":"https:\/\/cooperacio.manresa.cat\/mesenlladelesaparencescataleg\/wp-json\/wp\/v2\/users\/1"}],"replies":[{"embeddable":true,"href":"https:\/\/cooperacio.manresa.cat\/mesenlladelesaparencescataleg\/wp-json\/wp\/v2\/comments?post=9"}],"version-history":[{"count":115,"href":"https:\/\/cooperacio.manresa.cat\/mesenlladelesaparencescataleg\/wp-json\/wp\/v2\/pages\/9\/revisions"}],"predecessor-version":[{"id":555,"href":"https:\/\/cooperacio.manresa.cat\/mesenlladelesaparencescataleg\/wp-json\/wp\/v2\/pages\/9\/revisions\/555"}],"wp:attachment":[{"href":"https:\/\/cooperacio.manresa.cat\/mesenlladelesaparencescataleg\/wp-json\/wp\/v2\/media?parent=9"}],"curies":[{"name":"wp","href":"https:\/\/api.w.org\/{rel}","templated":true}]}}